{"id":8439,"date":"2026-04-21T21:19:26","date_gmt":"2026-04-21T21:19:26","guid":{"rendered":"https:\/\/saludprimavera.com.pe\/chimbote\/?page_id=8439"},"modified":"2026-05-05T14:17:12","modified_gmt":"2026-05-05T14:17:12","slug":"campana-integral-imagenes","status":"publish","type":"page","link":"https:\/\/saludprimavera.com.pe\/chimbote\/campana-integral-imagenes\/","title":{"rendered":"Campa\u00f1a Integral \u2013 Im\u00e1genes"},"content":{"rendered":"\t\t<div data-elementor-type=\"wp-page\" data-elementor-id=\"8439\" class=\"elementor elementor-8439\" data-elementor-post-type=\"page\">\n\t\t\t\t\t\t<section class=\"elementor-section elementor-top-section elementor-element elementor-element-6fe46f39 elementor-section-stretched elementor-section-boxed elementor-section-height-default elementor-section-height-default\" data-id=\"6fe46f39\" data-element_type=\"section\" data-e-type=\"section\" data-settings=\"{&quot;jet_parallax_layout_list&quot;:[{&quot;_id&quot;:&quot;1854ae7&quot;,&quot;jet_parallax_layout_image&quot;:{&quot;url&quot;:&quot;&quot;,&quot;id&quot;:&quot;&quot;,&quot;size&quot;:&quot;&quot;},&quot;jet_parallax_layout_image_tablet&quot;:{&quot;url&quot;:&quot;&quot;,&quot;id&quot;:&quot;&quot;,&quot;size&quot;:&quot;&quot;},&quot;jet_parallax_layout_image_mobile&quot;:{&quot;url&quot;:&quot;&quot;,&quot;id&quot;:&quot;&quot;,&quot;size&quot;:&quot;&quot;},&quot;jet_parallax_layout_speed&quot;:{&quot;unit&quot;:&quot;%&quot;,&quot;size&quot;:50,&quot;sizes&quot;:[]},&quot;jet_parallax_layout_type&quot;:&quot;scroll&quot;,&quot;jet_parallax_layout_direction&quot;:&quot;1&quot;,&quot;jet_parallax_layout_fx_direction&quot;:null,&quot;jet_parallax_layout_z_index&quot;:&quot;&quot;,&quot;jet_parallax_layout_bg_x&quot;:50,&quot;jet_parallax_layout_bg_x_tablet&quot;:&quot;&quot;,&quot;jet_parallax_layout_bg_x_mobile&quot;:&quot;&quot;,&quot;jet_parallax_layout_bg_y&quot;:50,&quot;jet_parallax_layout_bg_y_tablet&quot;:&quot;&quot;,&quot;jet_parallax_layout_bg_y_mobile&quot;:&quot;&quot;,&quot;jet_parallax_layout_bg_size&quot;:&quot;auto&quot;,&quot;jet_parallax_layout_bg_size_tablet&quot;:&quot;&quot;,&quot;jet_parallax_layout_bg_size_mobile&quot;:&quot;&quot;,&quot;jet_parallax_layout_animation_prop&quot;:&quot;transform&quot;,&quot;jet_parallax_layout_on&quot;:[&quot;desktop&quot;,&quot;tablet&quot;]}],&quot;background_background&quot;:&quot;classic&quot;,&quot;stretch_section&quot;:&quot;section-stretched&quot;}\">\r\n\t\t\r\n\t\t\t\t\t\t\t<div class=\"elementor-container elementor-column-gap-default\">\r\n\t\t\t\t\t\t\t\t\t\t\t<div class=\"elementor-column elementor-col-100 elementor-top-column elementor-element elementor-element-2109143b\" data-id=\"2109143b\" data-element_type=\"column\" data-e-type=\"column\" data-settings=\"{&quot;background_background&quot;:&quot;classic&quot;}\">\r\n\t\t\t\t\t<div class=\"elementor-widget-wrap elementor-element-populated\">\r\n\t\t\t\t\t\t\t\t<div class=\"elementor-element elementor-element-1eb8da1d elementor-headline--style-rotate elementor-widget elementor-widget-animated-headline\" data-id=\"1eb8da1d\" data-element_type=\"widget\" data-e-type=\"widget\" data-settings=\"{&quot;headline_style&quot;:&quot;rotate&quot;,&quot;animation_type&quot;:&quot;wave&quot;,&quot;rotating_text&quot;:&quot;TODOS LOS S\\u00c1BADOS&quot;,&quot;loop&quot;:&quot;yes&quot;,&quot;rotate_iteration_delay&quot;:2500}\" data-widget_type=\"animated-headline.default\">\n\t\t\t\t<div class=\"elementor-widget-container\">\n\t\t\t\t\t\t\t<h3 class=\"elementor-headline elementor-headline-animation-type-wave elementor-headline-letters\">\n\t\t\t\t<span class=\"elementor-headline-dynamic-wrapper elementor-headline-text-wrapper\">\n\t\t\t\t\t<span class=\"elementor-headline-dynamic-text elementor-headline-text-active\">\n\t\t\t\tTODOS&nbsp;LOS&nbsp;S\u00c1BADOS\t\t\t<\/span>\n\t\t\t\t\t\t<\/span>\n\t\t\t\t<\/h3>\n\t\t\t\t\t\t<\/div>\n\t\t\t\t<\/div>\n\t\t\t\t<div class=\"elementor-element elementor-element-bdd4ef elementor-widget elementor-widget-text-editor\" data-id=\"bdd4ef\" data-element_type=\"widget\" data-e-type=\"widget\" data-widget_type=\"text-editor.default\">\n\t\t\t\t<div class=\"elementor-widget-container\">\n\t\t\t\t\t\t\t\t\t<p style=\"text-align: left;\"><strong><span style=\"font-size: 18px;\">En Salud Primavera contamos con descuentos en nuestra \u00e1rea de im\u00e1genes que te beneficiaran a cuidar tu salud. \u00a1Atentos!<\/span><\/strong><\/p>\t\t\t\t\t\t\t\t<\/div>\n\t\t\t\t<\/div>\n\t\t\t\t<div class=\"elementor-element elementor-element-29e0adb elementor-widget elementor-widget-gallery\" data-id=\"29e0adb\" data-element_type=\"widget\" data-e-type=\"widget\" data-settings=\"{&quot;gallery_layout&quot;:&quot;masonry&quot;,&quot;gap&quot;:{&quot;unit&quot;:&quot;px&quot;,&quot;size&quot;:9,&quot;sizes&quot;:[]},&quot;lazyload&quot;:&quot;yes&quot;,&quot;columns&quot;:4,&quot;columns_tablet&quot;:2,&quot;columns_mobile&quot;:1,&quot;gap_tablet&quot;:{&quot;unit&quot;:&quot;px&quot;,&quot;size&quot;:10,&quot;sizes&quot;:[]},&quot;gap_mobile&quot;:{&quot;unit&quot;:&quot;px&quot;,&quot;size&quot;:10,&quot;sizes&quot;:[]},&quot;link_to&quot;:&quot;file&quot;,&quot;overlay_background&quot;:&quot;yes&quot;,&quot;content_hover_animation&quot;:&quot;fade-in&quot;}\" data-widget_type=\"gallery.default\">\n\t\t\t\t<div class=\"elementor-widget-container\">\n\t\t\t\t\t\t\t<div class=\"elementor-gallery__container\">\n\t\t\t\t\t\t\t<a class=\"e-gallery-item elementor-gallery-item elementor-animated-content\" href=\"https:\/\/saludprimavera.com.pe\/chimbote\/wp-content\/uploads\/2026\/05\/WhatsApp-Image-2026-05-02-at-9.44.08-AM.jpeg\" data-elementor-open-lightbox=\"yes\" data-elementor-lightbox-slideshow=\"29e0adb\" data-elementor-lightbox-title=\"Campa\u00f1a Integral - Tomograf\u00eda\" data-e-action-hash=\"#elementor-action%3Aaction%3Dlightbox%26settings%3DeyJpZCI6ODg5OSwidXJsIjoiaHR0cHM6XC9cL3NhbHVkcHJpbWF2ZXJhLmNvbS5wZVwvY2hpbWJvdGVcL3dwLWNvbnRlbnRcL3VwbG9hZHNcLzIwMjZcLzA1XC9XaGF0c0FwcC1JbWFnZS0yMDI2LTA1LTAyLWF0LTkuNDQuMDgtQU0uanBlZyIsInNsaWRlc2hvdyI6IjI5ZTBhZGIifQ%3D%3D\">\n\t\t\t\t\t<div class=\"e-gallery-image elementor-gallery-item__image\" data-thumbnail=\"https:\/\/saludprimavera.com.pe\/chimbote\/wp-content\/uploads\/2026\/05\/WhatsApp-Image-2026-05-02-at-9.44.08-AM-300x300.jpeg\" data-width=\"300\" data-height=\"300\" aria-label=\"\" role=\"img\" ><\/div>\n\t\t\t\t\t\t\t\t\t\t\t<div class=\"elementor-gallery-item__overlay\"><\/div>\n\t\t\t\t\t\t\t\t\t\t\t\t\t\t<\/a>\n\t\t\t\t\t\t\t<a class=\"e-gallery-item elementor-gallery-item elementor-animated-content\" href=\"https:\/\/saludprimavera.com.pe\/chimbote\/wp-content\/uploads\/2026\/05\/WhatsApp-Image-2026-05-02-at-9.44.10-AM.jpeg\" data-elementor-open-lightbox=\"yes\" data-elementor-lightbox-slideshow=\"29e0adb\" data-elementor-lightbox-title=\"Campa\u00f1a Integral - Rayos X Digital\" data-e-action-hash=\"#elementor-action%3Aaction%3Dlightbox%26settings%3DeyJpZCI6ODg5NywidXJsIjoiaHR0cHM6XC9cL3NhbHVkcHJpbWF2ZXJhLmNvbS5wZVwvY2hpbWJvdGVcL3dwLWNvbnRlbnRcL3VwbG9hZHNcLzIwMjZcLzA1XC9XaGF0c0FwcC1JbWFnZS0yMDI2LTA1LTAyLWF0LTkuNDQuMTAtQU0uanBlZyIsInNsaWRlc2hvdyI6IjI5ZTBhZGIifQ%3D%3D\">\n\t\t\t\t\t<div class=\"e-gallery-image elementor-gallery-item__image\" data-thumbnail=\"https:\/\/saludprimavera.com.pe\/chimbote\/wp-content\/uploads\/2026\/05\/WhatsApp-Image-2026-05-02-at-9.44.10-AM-300x300.jpeg\" data-width=\"300\" data-height=\"300\" aria-label=\"\" role=\"img\" ><\/div>\n\t\t\t\t\t\t\t\t\t\t\t<div class=\"elementor-gallery-item__overlay\"><\/div>\n\t\t\t\t\t\t\t\t\t\t\t\t\t\t<\/a>\n\t\t\t\t\t\t\t<a class=\"e-gallery-item elementor-gallery-item elementor-animated-content\" href=\"https:\/\/saludprimavera.com.pe\/chimbote\/wp-content\/uploads\/2026\/05\/WhatsApp-Image-2026-05-02-at-9.44.12-AM.jpeg\" data-elementor-open-lightbox=\"yes\" data-elementor-lightbox-slideshow=\"29e0adb\" data-elementor-lightbox-title=\"Campa\u00f1a Integral - Ecograf\u00eda\" data-e-action-hash=\"#elementor-action%3Aaction%3Dlightbox%26settings%3DeyJpZCI6ODg5NiwidXJsIjoiaHR0cHM6XC9cL3NhbHVkcHJpbWF2ZXJhLmNvbS5wZVwvY2hpbWJvdGVcL3dwLWNvbnRlbnRcL3VwbG9hZHNcLzIwMjZcLzA1XC9XaGF0c0FwcC1JbWFnZS0yMDI2LTA1LTAyLWF0LTkuNDQuMTItQU0uanBlZyIsInNsaWRlc2hvdyI6IjI5ZTBhZGIifQ%3D%3D\">\n\t\t\t\t\t<div class=\"e-gallery-image elementor-gallery-item__image\" data-thumbnail=\"https:\/\/saludprimavera.com.pe\/chimbote\/wp-content\/uploads\/2026\/05\/WhatsApp-Image-2026-05-02-at-9.44.12-AM-300x300.jpeg\" data-width=\"300\" data-height=\"300\" aria-label=\"\" role=\"img\" ><\/div>\n\t\t\t\t\t\t\t\t\t\t\t<div class=\"elementor-gallery-item__overlay\"><\/div>\n\t\t\t\t\t\t\t\t\t\t\t\t\t\t<\/a>\n\t\t\t\t\t\t\t<a class=\"e-gallery-item elementor-gallery-item elementor-animated-content\" href=\"https:\/\/saludprimavera.com.pe\/chimbote\/wp-content\/uploads\/2026\/05\/WhatsApp-Image-2026-05-02-at-9.44.09-AM.jpeg\" data-elementor-open-lightbox=\"yes\" data-elementor-lightbox-slideshow=\"29e0adb\" data-elementor-lightbox-title=\"Campa\u00f1a Integral - Densitometr\u00eda \u00d3sea\" data-e-action-hash=\"#elementor-action%3Aaction%3Dlightbox%26settings%3DeyJpZCI6ODg5OCwidXJsIjoiaHR0cHM6XC9cL3NhbHVkcHJpbWF2ZXJhLmNvbS5wZVwvY2hpbWJvdGVcL3dwLWNvbnRlbnRcL3VwbG9hZHNcLzIwMjZcLzA1XC9XaGF0c0FwcC1JbWFnZS0yMDI2LTA1LTAyLWF0LTkuNDQuMDktQU0uanBlZyIsInNsaWRlc2hvdyI6IjI5ZTBhZGIifQ%3D%3D\">\n\t\t\t\t\t<div class=\"e-gallery-image elementor-gallery-item__image\" data-thumbnail=\"https:\/\/saludprimavera.com.pe\/chimbote\/wp-content\/uploads\/2026\/05\/WhatsApp-Image-2026-05-02-at-9.44.09-AM-300x300.jpeg\" data-width=\"300\" data-height=\"300\" aria-label=\"\" role=\"img\" ><\/div>\n\t\t\t\t\t\t\t\t\t\t\t<div class=\"elementor-gallery-item__overlay\"><\/div>\n\t\t\t\t\t\t\t\t\t\t\t\t\t\t<\/a>\n\t\t\t\t\t<\/div>\n\t\t\t\t\t<\/div>\n\t\t\t\t<\/div>\n\t\t\t\t\t<\/div>\r\n\t\t\t\t<\/div>\r\n\t\t\t\t\t<\/div>\r\n\t\t\t\t<\/section>\r\n\t\t\t\t<section class=\"elementor-section elementor-top-section elementor-element elementor-element-6b15dcb1 elementor-section-boxed elementor-section-height-default elementor-section-height-default\" data-id=\"6b15dcb1\" data-element_type=\"section\" data-e-type=\"section\" data-settings=\"{&quot;jet_parallax_layout_list&quot;:[{&quot;_id&quot;:&quot;580fe0c&quot;,&quot;jet_parallax_layout_image&quot;:{&quot;url&quot;:&quot;&quot;,&quot;id&quot;:&quot;&quot;,&quot;size&quot;:&quot;&quot;},&quot;jet_parallax_layout_image_tablet&quot;:{&quot;url&quot;:&quot;&quot;,&quot;id&quot;:&quot;&quot;,&quot;size&quot;:&quot;&quot;},&quot;jet_parallax_layout_image_mobile&quot;:{&quot;url&quot;:&quot;&quot;,&quot;id&quot;:&quot;&quot;,&quot;size&quot;:&quot;&quot;},&quot;jet_parallax_layout_speed&quot;:{&quot;unit&quot;:&quot;%&quot;,&quot;size&quot;:50,&quot;sizes&quot;:[]},&quot;jet_parallax_layout_type&quot;:&quot;scroll&quot;,&quot;jet_parallax_layout_direction&quot;:&quot;1&quot;,&quot;jet_parallax_layout_fx_direction&quot;:null,&quot;jet_parallax_layout_z_index&quot;:&quot;&quot;,&quot;jet_parallax_layout_bg_x&quot;:50,&quot;jet_parallax_layout_bg_x_tablet&quot;:&quot;&quot;,&quot;jet_parallax_layout_bg_x_mobile&quot;:&quot;&quot;,&quot;jet_parallax_layout_bg_y&quot;:50,&quot;jet_parallax_layout_bg_y_tablet&quot;:&quot;&quot;,&quot;jet_parallax_layout_bg_y_mobile&quot;:&quot;&quot;,&quot;jet_parallax_layout_bg_size&quot;:&quot;auto&quot;,&quot;jet_parallax_layout_bg_size_tablet&quot;:&quot;&quot;,&quot;jet_parallax_layout_bg_size_mobile&quot;:&quot;&quot;,&quot;jet_parallax_layout_animation_prop&quot;:&quot;transform&quot;,&quot;jet_parallax_layout_on&quot;:[&quot;desktop&quot;,&quot;tablet&quot;]}]}\">\r\n\t\t\r\n\t\t\t\t\t\t\t<div class=\"elementor-container elementor-column-gap-default\">\r\n\t\t\t\t\t\t\t\t\t\t\t<div class=\"elementor-column elementor-col-100 elementor-top-column elementor-element elementor-element-8b0876d\" data-id=\"8b0876d\" data-element_type=\"column\" data-e-type=\"column\">\r\n\t\t\t\t\t<div class=\"elementor-widget-wrap elementor-element-populated\">\r\n\t\t\t\t\t\t\t\t<div class=\"elementor-element elementor-element-2485b48f elementor-align-center elementor-widget elementor-widget-button\" data-id=\"2485b48f\" data-element_type=\"widget\" data-e-type=\"widget\" data-widget_type=\"button.default\">\n\t\t\t\t<div class=\"elementor-widget-container\">\n\t\t\t\t\t\t\t\t\t<div class=\"elementor-button-wrapper\">\n\t\t\t\t\t<a class=\"elementor-button elementor-button-link elementor-size-md\" href=\"https:\/\/api.whatsapp.com\/send?phone=51949909062\" target=\"_blank\">\n\t\t\t\t\t\t<span class=\"elementor-button-content-wrapper\">\n\t\t\t\t\t\t<span class=\"elementor-button-icon\">\n\t\t\t\t<i aria-hidden=\"true\" class=\"fab fa-whatsapp\"><\/i>\t\t\t<\/span>\n\t\t\t\t\t\t\t\t\t<span class=\"elementor-button-text\">Click! Para Saber M\u00e1s<\/span>\n\t\t\t\t\t<\/span>\n\t\t\t\t\t<\/a>\n\t\t\t\t<\/div>\n\t\t\t\t\t\t\t\t<\/div>\n\t\t\t\t<\/div>\n\t\t\t\t<div class=\"elementor-element elementor-element-298b8d71 elementor-widget elementor-widget-text-editor\" data-id=\"298b8d71\" data-element_type=\"widget\" data-e-type=\"widget\" data-widget_type=\"text-editor.default\">\n\t\t\t\t<div class=\"elementor-widget-container\">\n\t\t\t\t\t\t\t\t\t<div class=\"elementor-element elementor-element-f344c03 elementor-widget elementor-widget-heading\" data-id=\"f344c03\" data-element_type=\"widget\" data-widget_type=\"heading.default\"><div class=\"elementor-widget-container\"><h2 class=\"elementor-heading-title elementor-size-default\" style=\"text-align: center;\"><span style=\"font-size: 24px;\">T\u00e9rminos y Condiciones<\/span><\/h2><\/div><\/div><div class=\"elementor-element elementor-element-ad4712f elementor-widget elementor-widget-text-editor\" data-id=\"ad4712f\" data-element_type=\"widget\" data-widget_type=\"text-editor.default\"><div class=\"elementor-widget-container\"><div class=\"elementor-text-editor elementor-clearfix\"><p style=\"text-align: center;\">\u00abEn Salud Primavera tenemos\u00a0 \u00a0paquetes promocionales que te <span style=\"color: #999999;\">beneficiaran\u00bb<\/span><\/p><p style=\"text-align: center;\"><span style=\"color: #ff0000;\"><strong><span style=\"font-size: 20px;\">\u00a0 \u00a1ATENCI\u00d3N!<\/span><\/strong><\/span><\/p><\/div><\/div><\/div><div class=\"elementor-element elementor-element-ed9ff62 elementor-icon-list--layout-traditional elementor-list-item-link-full_width elementor-widget elementor-widget-icon-list\" data-id=\"ed9ff62\" data-element_type=\"widget\" data-widget_type=\"icon-list.default\"><div class=\"elementor-widget-container\"><ul><li style=\"list-style-type: none;\"><ul><li style=\"list-style-type: none;\"><ul class=\"elementor-icon-list-items\"><li class=\"elementor-icon-list-item\" style=\"text-align: left;\"><i class=\"fas fa-check\" aria-hidden=\"true\"><\/i><span class=\"elementor-icon-list-text\">\u00a0Todo paciente\u00a0 deber\u00e1 asistir personalmente a nuestra sede en Chimbote y acercarse al \u00c1rea de Informes para solicitar la campa\u00f1a.<\/span><\/li><li class=\"elementor-icon-list-item\" style=\"text-align: left;\"><i class=\"fas fa-check\" aria-hidden=\"true\"><\/i><span class=\"elementor-icon-list-text\">\u00a0Las campa\u00f1as expuestas son v\u00e1lidas \u00fanicamente durante el periodo indicado en la promoci\u00f3n.<\/span><\/li><li class=\"elementor-icon-list-item\" style=\"text-align: left;\"><i class=\"fas fa-check\" aria-hidden=\"true\"><\/i><span class=\"elementor-icon-list-text\">\u00a0Las consultas se dar\u00e1n de manera personal, presencial y por orden de llegada.<\/span><\/li><\/ul><\/li><\/ul><\/li><\/ul><\/div><\/div><div class=\"elementor-element elementor-element-9f7e8db elementor-widget elementor-widget-text-editor\" data-id=\"9f7e8db\" data-element_type=\"widget\" data-widget_type=\"text-editor.default\"><div class=\"elementor-widget-container\"><div class=\"elementor-text-editor elementor-clearfix\"><p style=\"padding-left: 80px;\"><em>Podemos, sin aviso previo, cambiar la promoci\u00f3n; dejar de proporcionar la promoci\u00f3n o cualquier caracter\u00edstica de las promociones que ofrecemos; o crear l\u00edmites para las promociones. Podemos\u00a0 suspender de manera permanente o temporal el acceso a la promoci\u00f3n sin previo aviso ni responsabilidad por cualquier motivo, o sin ning\u00fan motivo.<\/em><\/p><\/div><\/div><\/div>\t\t\t\t\t\t\t\t<\/div>\n\t\t\t\t<\/div>\n\t\t\t\t\t<\/div>\r\n\t\t\t\t<\/div>\r\n\t\t\t\t\t<\/div>\r\n\t\t\t\t<\/section>\r\n\t\t\t\t<\/div>\n\t\t","protected":false},"excerpt":{"rendered":"<p>TODOS&nbsp;LOS&nbsp;S\u00c1BADOS En Salud Primavera contamos con descuentos en nuestra \u00e1rea de im\u00e1genes que te beneficiaran a cuidar tu salud. \u00a1Atentos! Click! Para Saber M\u00e1s T\u00e9rminos y Condiciones \u00abEn Salud Primavera tenemos\u00a0 \u00a0paquetes promocionales que te beneficiaran\u00bb \u00a0 \u00a1ATENCI\u00d3N! \u00a0Todo paciente\u00a0 deber\u00e1 asistir personalmente a nuestra sede en Chimbote y acercarse al \u00c1rea de Informes para [&hellip;]<\/p>\n","protected":false},"author":1,"featured_media":0,"parent":0,"menu_order":0,"comment_status":"closed","ping_status":"closed","template":"","meta":{"rs_blank_template":"","rs_page_bg_color":"","slide_template_v7":"","footnotes":""},"class_list":["post-8439","page","type-page","status-publish","hentry"],"_links":{"self":[{"href":"https:\/\/saludprimavera.com.pe\/chimbote\/wp-json\/wp\/v2\/pages\/8439","targetHints":{"allow":["GET"]}}],"collection":[{"href":"https:\/\/saludprimavera.com.pe\/chimbote\/wp-json\/wp\/v2\/pages"}],"about":[{"href":"https:\/\/saludprimavera.com.pe\/chimbote\/wp-json\/wp\/v2\/types\/page"}],"author":[{"embeddable":true,"href":"https:\/\/saludprimavera.com.pe\/chimbote\/wp-json\/wp\/v2\/users\/1"}],"replies":[{"embeddable":true,"href":"https:\/\/saludprimavera.com.pe\/chimbote\/wp-json\/wp\/v2\/comments?post=8439"}],"version-history":[{"count":13,"href":"https:\/\/saludprimavera.com.pe\/chimbote\/wp-json\/wp\/v2\/pages\/8439\/revisions"}],"predecessor-version":[{"id":8920,"href":"https:\/\/saludprimavera.com.pe\/chimbote\/wp-json\/wp\/v2\/pages\/8439\/revisions\/8920"}],"wp:attachment":[{"href":"https:\/\/saludprimavera.com.pe\/chimbote\/wp-json\/wp\/v2\/media?parent=8439"}],"curies":[{"name":"wp","href":"https:\/\/api.w.org\/{rel}","templated":true}]}}