{"id":5398,"date":"2022-02-17T15:35:56","date_gmt":"2022-02-17T15:35:56","guid":{"rendered":"https:\/\/saludprimavera.com.pe\/chimbote\/?page_id=5398"},"modified":"2026-04-21T21:52:34","modified_gmt":"2026-04-21T21:52:34","slug":"laboratorio-clinico","status":"publish","type":"page","link":"https:\/\/saludprimavera.com.pe\/chimbote\/laboratorio-clinico\/","title":{"rendered":"Laboratorio Cl\u00ednico"},"content":{"rendered":"\t\t<div data-elementor-type=\"wp-page\" data-elementor-id=\"5398\" class=\"elementor elementor-5398\" data-elementor-post-type=\"page\">\n\t\t\t\t\t\t<section class=\"elementor-section elementor-top-section elementor-element elementor-element-2c43c662 elementor-section-full_width elementor-section-height-default elementor-section-height-default\" data-id=\"2c43c662\" data-element_type=\"section\" data-e-type=\"section\" data-settings=\"{&quot;jet_parallax_layout_list&quot;:[{&quot;_id&quot;:&quot;60c0c0c&quot;,&quot;jet_parallax_layout_image&quot;:{&quot;url&quot;:&quot;&quot;,&quot;id&quot;:&quot;&quot;,&quot;size&quot;:&quot;&quot;},&quot;jet_parallax_layout_image_tablet&quot;:{&quot;url&quot;:&quot;&quot;,&quot;id&quot;:&quot;&quot;,&quot;size&quot;:&quot;&quot;},&quot;jet_parallax_layout_image_mobile&quot;:{&quot;url&quot;:&quot;&quot;,&quot;id&quot;:&quot;&quot;,&quot;size&quot;:&quot;&quot;},&quot;jet_parallax_layout_speed&quot;:{&quot;unit&quot;:&quot;%&quot;,&quot;size&quot;:50,&quot;sizes&quot;:[]},&quot;jet_parallax_layout_type&quot;:&quot;scroll&quot;,&quot;jet_parallax_layout_direction&quot;:&quot;1&quot;,&quot;jet_parallax_layout_fx_direction&quot;:null,&quot;jet_parallax_layout_z_index&quot;:&quot;&quot;,&quot;jet_parallax_layout_bg_x&quot;:50,&quot;jet_parallax_layout_bg_x_tablet&quot;:&quot;&quot;,&quot;jet_parallax_layout_bg_x_mobile&quot;:&quot;&quot;,&quot;jet_parallax_layout_bg_y&quot;:50,&quot;jet_parallax_layout_bg_y_tablet&quot;:&quot;&quot;,&quot;jet_parallax_layout_bg_y_mobile&quot;:&quot;&quot;,&quot;jet_parallax_layout_bg_size&quot;:&quot;auto&quot;,&quot;jet_parallax_layout_bg_size_tablet&quot;:&quot;&quot;,&quot;jet_parallax_layout_bg_size_mobile&quot;:&quot;&quot;,&quot;jet_parallax_layout_animation_prop&quot;:&quot;transform&quot;,&quot;jet_parallax_layout_on&quot;:[&quot;desktop&quot;,&quot;tablet&quot;]}]}\">\r\n\t\t\r\n\t\t\t\t\t\t\t<div class=\"elementor-container elementor-column-gap-default\">\r\n\t\t\t\t\t\t\t\t\t\t\t<div class=\"elementor-column elementor-col-100 elementor-top-column elementor-element elementor-element-fc2422c\" data-id=\"fc2422c\" data-element_type=\"column\" data-e-type=\"column\">\r\n\t\t\t\t\t<div class=\"elementor-widget-wrap elementor-element-populated\">\r\n\t\t\t\t\t\t\t\t<div class=\"elementor-element elementor-element-3c47378c elementor-widget elementor-widget-slider_revolution\" data-id=\"3c47378c\" data-element_type=\"widget\" data-e-type=\"widget\" data-widget_type=\"slider_revolution.default\">\n\t\t\t\t<div class=\"elementor-widget-container\">\n\t\t\t\t\t<div class=\"wp-block-themepunch-revslider revslider\">\n\t\t\t\t<p class=\"rs-p-wp-fix\"><\/p>\n\t\t\t\t<sr7-module data-alias=\"home-medical-2-1\" data-id=\"29\" id=\"SR7_29_1\" data-version=\"7.0.7.1\">\n\t\t\t\t\t<sr7-adjuster><\/sr7-adjuster>\n\t\t\t\t\t<sr7-content>\n\t\t\t\t\t\t<sr7-slide id=\"SR7_29_1-42\" data-key=\"42\">\n\t\t\t\t\t\t\t<sr7-txt id=\"SR7_29_1-42-9\" class=\"sr7-layer\">ENTREGA DE RESULTADOS 72 HORAS<\/sr7-txt>\n\t\t\t\t\t\t\t<a id=\"SR7_29_1-42-10\" class=\"sr7-layer\" href=\"https:\/\/resultados.synlab.pe\/\" target=\"_self\" rel=\"nofollow\">VER RESULTADOS<\/a>\n\t\t\t\t\t\t\t<sr7-txt id=\"SR7_29_1-42-11\" class=\"sr7-layer\">PRUEBA MOLECULAR <br> PCR COVID 19 <br>S\/.160<\/sr7-txt>\n\t\t\t\t\t\t<\/sr7-slide>\n\t\t\t\t\t\t<sr7-slide id=\"SR7_29_1-43\" data-key=\"43\">\n\t\t\t\t\t\t\t<sr7-txt id=\"SR7_29_1-43-13\" class=\"sr7-layer\">PUEDES VER TUS RESULTADOS<br>DEL LABORATORIO EN LINEA<\/sr7-txt>\n\t\t\t\t\t\t\t<sr7-txt id=\"SR7_29_1-43-14\" class=\"sr7-layer\">INGRESA A LA WEB DE SYNLAB Y AHORRA TIEMPO<\/sr7-txt>\n\t\t\t\t\t\t\t<a id=\"SR7_29_1-43-15\" class=\"sr7-layer\" href=\"https:\/\/gmcleaningsp.com\/especialidades\/\" target=\"_self\" rel=\"nofollow\">VER RESULTADOS<\/a>\n\t\t\t\t\t\t<\/sr7-slide>\n\t\t\t\t\t\t<sr7-slide id=\"SR7_29_1-44\" data-key=\"44\">\n\t\t\t\t\t\t<\/sr7-slide>\n\t\t\t\t\t<\/sr7-content>\n\t\t\t\t\t<image_lists style=\"display:none\">\n\t\t\t\t\t\t<img data-src=\"\/\/saludprimavera.com.pe\/chimbote\/wp-content\/uploads\/revslider\/o\/29\/f1633a35f84d41ba8c902a4d8880c675.webp\" data-libid=\"5140\" data-lib=\"medialibrary\" title=\"Dermatolog\u00eda\" width=\"0\" height=\"0\" data-dbsrc=\"Ly9zYWx1ZHByaW1hdmVyYS5jb20ucGUvY2hpbWJvdGUvd3AtY29udGVudC91cGxvYWRzLzIwMjIvMDIvcHJ1ZWJhLW1vbGVjdWxhci5wbmc=\"\/>\n\t\t\t\t\t\t<img data-src=\"\/\/saludprimavera.com.pe\/chimbote\/wp-content\/uploads\/revslider\/o\/29\/a426e7e4bc202f1624fc5ee02fcafee3.webp\" data-libid=\"5141\" data-lib=\"medialibrary\" title=\"Dermatolog\u00eda\" width=\"0\" height=\"0\" data-dbsrc=\"Ly9zYWx1ZHByaW1hdmVyYS5jb20ucGUvY2hpbWJvdGUvd3AtY29udGVudC91cGxvYWRzLzIwMjIvMDIvcmVzdWx0YWRvcy5wbmc=\"\/>\n\t\t\t\t\t<\/image_lists>\n\t\t\t\t<\/sr7-module>\n\t\t\t\t<script>\n\t\t\t\t\twindow.SR7??={}; SR7.PMH ??={}; SR7.PMH[\"SR7_29_1\"] = {cn:100,state:false,fn: function() { if (window._tpt!==undefined && window._tpt.prepareModuleHeight !== undefined) {  _tpt.prepareModuleHeight({id:\"SR7_29_1\",el:[460,460,460,460,442],type:'standard',gh:[460,460,460,460,460],gw:[1100,1100,920,680,500],vpt:['-100px&#039;,&#039;-100px&#039;,&#039;-100px&#039;,&#039;-100px&#039;,&#039;-100px'],size:{fullWidth:true, fullHeight:false},mh:'0',onh:0,onw:0,bg:{color:'{\"type\":\"solid\",\"orig\":\"#f7f7f7\",\"string\":\"rgba(247, 247, 247, 1)\"}'},plType:'3',plColor:'#FFFFFF'});   SR7.PMH[\"SR7_29_1\"].state=true;} else if(SR7.PMH[\"SR7_29_1\"].cn-->0)\tsetTimeout( SR7.PMH[\"SR7_29_1\"].fn,19);}};SR7.PMH[\"SR7_29_1\" ].fn();\n\t\t\t\t<\/script>\n<\/div>\t\t\t\t<\/div>\n\t\t\t\t<\/div>\n\t\t\t\t\t<\/div>\r\n\t\t\t\t<\/div>\r\n\t\t\t\t\t<\/div>\r\n\t\t\t\t<\/section>\r\n\t\t\t\t<div class=\"elementor-section elementor-inner-section elementor-element elementor-element-7c34ae0b elementor-section-content-middle py-3 mb-4 elementor-section-boxed elementor-section-height-default elementor-section-height-default\" data-id=\"7c34ae0b\" data-element_type=\"section\" data-e-type=\"section\" data-settings=\"{&quot;jet_parallax_layout_list&quot;:[{&quot;_id&quot;:&quot;b21978c&quot;,&quot;jet_parallax_layout_image&quot;:{&quot;url&quot;:&quot;&quot;,&quot;id&quot;:&quot;&quot;,&quot;size&quot;:&quot;&quot;},&quot;jet_parallax_layout_image_tablet&quot;:{&quot;url&quot;:&quot;&quot;,&quot;id&quot;:&quot;&quot;,&quot;size&quot;:&quot;&quot;},&quot;jet_parallax_layout_image_mobile&quot;:{&quot;url&quot;:&quot;&quot;,&quot;id&quot;:&quot;&quot;,&quot;size&quot;:&quot;&quot;},&quot;jet_parallax_layout_speed&quot;:{&quot;unit&quot;:&quot;%&quot;,&quot;size&quot;:50,&quot;sizes&quot;:[]},&quot;jet_parallax_layout_type&quot;:&quot;scroll&quot;,&quot;jet_parallax_layout_direction&quot;:&quot;1&quot;,&quot;jet_parallax_layout_fx_direction&quot;:null,&quot;jet_parallax_layout_z_index&quot;:&quot;&quot;,&quot;jet_parallax_layout_bg_x&quot;:50,&quot;jet_parallax_layout_bg_x_tablet&quot;:&quot;&quot;,&quot;jet_parallax_layout_bg_x_mobile&quot;:&quot;&quot;,&quot;jet_parallax_layout_bg_y&quot;:50,&quot;jet_parallax_layout_bg_y_tablet&quot;:&quot;&quot;,&quot;jet_parallax_layout_bg_y_mobile&quot;:&quot;&quot;,&quot;jet_parallax_layout_bg_size&quot;:&quot;auto&quot;,&quot;jet_parallax_layout_bg_size_tablet&quot;:&quot;&quot;,&quot;jet_parallax_layout_bg_size_mobile&quot;:&quot;&quot;,&quot;jet_parallax_layout_animation_prop&quot;:&quot;transform&quot;,&quot;jet_parallax_layout_on&quot;:[&quot;desktop&quot;,&quot;tablet&quot;]}]}\">\r\n\t\t\r\n\t\t\t\t\t\t\t<div class=\"elementor-container elementor-column-gap-default\">\r\n\t\t\t\t\t\t\t\t\t\t\t<div class=\"elementor-column elementor-col-50 elementor-inner-column elementor-element elementor-element-233195d8\" data-id=\"233195d8\" data-element_type=\"column\" data-e-type=\"column\">\r\n\t\t\t\t\t<div class=\"elementor-widget-wrap elementor-element-populated\">\r\n\t\t\t\t\t\t\t\t<div class=\"elementor-element elementor-element-4f811fbd elementor-widget elementor-widget-heading\" data-id=\"4f811fbd\" data-element_type=\"widget\" data-e-type=\"widget\" data-widget_type=\"heading.default\">\n\t\t\t\t<div class=\"elementor-widget-container\">\n\t\t\t\t\t<h3 class=\"elementor-heading-title elementor-size-default\">Laboratorio Synlab Alianza Con Salud Primavera<\/h3>\t\t\t\t<\/div>\n\t\t\t\t<\/div>\n\t\t\t\t<div class=\"elementor-element elementor-element-9fb5270 elementor-widget elementor-widget-text-editor\" data-id=\"9fb5270\" data-element_type=\"widget\" data-e-type=\"widget\" data-widget_type=\"text-editor.default\">\n\t\t\t\t<div class=\"elementor-widget-container\">\n\t\t\t\t\t\t\t\t\t<p>El diagn\u00f3stico de laboratorio juega un papel clave en la medicina actual y en la validaci\u00f3n de los tratamientos, as\u00ed como en el camino hacia una medicina personalizada. Gracias a nuestra alianza estrat\u00e9gica con Synlab, proveedor l\u00edder de servicios de diagn\u00f3stico de laboratorio en Europa,<\/p><p>Desde nuestro laboratorio procesamos cada d\u00eda m\u00e1s de 800 pruebas cuyos resultados proporcionan un diagn\u00f3stico preciso y fiable capaz de ayudar en la elecci\u00f3n del tratamiento. As\u00ed mismo, con el objetivo de promover un entorno seguro y garantizar la salud de nuestros clientes, disponemos de diferentes pruebas de detecci\u00f3n del SARS-CoV-2. Estas pruebas est\u00e1n validadas por el laboratorio y cuentan con certificado CE-IVD.<\/p><p>desde el a\u00f1o 2018 ofrecemos una gama completa de servicios de diagn\u00f3stico m\u00e9dico para el usuario, la pr\u00e1ctica cl\u00ednica y para el sector de la salud en general.<\/p>\t\t\t\t\t\t\t\t<\/div>\n\t\t\t\t<\/div>\n\t\t\t\t\t<\/div>\r\n\t\t\t\t<\/div>\r\n\t\t\t\t<div class=\"elementor-column elementor-col-50 elementor-inner-column elementor-element elementor-element-6554d5d elementor-hidden-tablet elementor-hidden-phone\" data-id=\"6554d5d\" data-element_type=\"column\" data-e-type=\"column\">\r\n\t\t\t\t\t<div class=\"elementor-widget-wrap elementor-element-populated\">\r\n\t\t\t\t\t\t\t\t<div class=\"elementor-element elementor-element-63d3387 p-3 box-shadow-1 elementor-invisible elementor-widget elementor-widget-image\" data-id=\"63d3387\" data-element_type=\"widget\" data-e-type=\"widget\" data-settings=\"{&quot;_animation&quot;:&quot;fadeInUp&quot;,&quot;_animation_delay&quot;:500}\" data-widget_type=\"image.default\">\n\t\t\t\t<div class=\"elementor-widget-container\">\n\t\t\t\t\t\t\t\t\t\t\t\t\t\t\t<img fetchpriority=\"high\" decoding=\"async\" width=\"900\" height=\"600\" src=\"https:\/\/saludprimavera.com.pe\/chimbote\/wp-content\/uploads\/2026\/04\/synlab-labprofile-eb3b5935.jpeg\" class=\"attachment-full size-full wp-image-8485\" alt=\"\" srcset=\"https:\/\/saludprimavera.com.pe\/chimbote\/wp-content\/uploads\/2026\/04\/synlab-labprofile-eb3b5935.jpeg 900w, https:\/\/saludprimavera.com.pe\/chimbote\/wp-content\/uploads\/2026\/04\/synlab-labprofile-eb3b5935-768x512.jpeg 768w, https:\/\/saludprimavera.com.pe\/chimbote\/wp-content\/uploads\/2026\/04\/synlab-labprofile-eb3b5935-640x427.jpeg 640w, https:\/\/saludprimavera.com.pe\/chimbote\/wp-content\/uploads\/2026\/04\/synlab-labprofile-eb3b5935-400x267.jpeg 400w, https:\/\/saludprimavera.com.pe\/chimbote\/wp-content\/uploads\/2026\/04\/synlab-labprofile-eb3b5935-600x400.jpeg 600w\" sizes=\"(max-width: 900px) 100vw, 900px\" \/>\t\t\t\t\t\t\t\t\t\t\t\t\t\t\t<\/div>\n\t\t\t\t<\/div>\n\t\t\t\t\t<\/div>\r\n\t\t\t\t<\/div>\r\n\t\t\t\t\t<\/div>\r\n\t\t\t\t<\/div>\r\n\t\t\t\t<div class=\"elementor-section elementor-inner-section elementor-element elementor-element-5f3bb8e9 elementor-section-content-middle py-3 mb-4 elementor-section-boxed elementor-section-height-default elementor-section-height-default\" data-id=\"5f3bb8e9\" data-element_type=\"section\" data-e-type=\"section\" data-settings=\"{&quot;jet_parallax_layout_list&quot;:[{&quot;_id&quot;:&quot;b21978c&quot;,&quot;jet_parallax_layout_image&quot;:{&quot;url&quot;:&quot;&quot;,&quot;id&quot;:&quot;&quot;,&quot;size&quot;:&quot;&quot;},&quot;jet_parallax_layout_image_tablet&quot;:{&quot;url&quot;:&quot;&quot;,&quot;id&quot;:&quot;&quot;,&quot;size&quot;:&quot;&quot;},&quot;jet_parallax_layout_image_mobile&quot;:{&quot;url&quot;:&quot;&quot;,&quot;id&quot;:&quot;&quot;,&quot;size&quot;:&quot;&quot;},&quot;jet_parallax_layout_speed&quot;:{&quot;unit&quot;:&quot;%&quot;,&quot;size&quot;:50,&quot;sizes&quot;:[]},&quot;jet_parallax_layout_type&quot;:&quot;scroll&quot;,&quot;jet_parallax_layout_direction&quot;:&quot;1&quot;,&quot;jet_parallax_layout_fx_direction&quot;:null,&quot;jet_parallax_layout_z_index&quot;:&quot;&quot;,&quot;jet_parallax_layout_bg_x&quot;:50,&quot;jet_parallax_layout_bg_x_tablet&quot;:&quot;&quot;,&quot;jet_parallax_layout_bg_x_mobile&quot;:&quot;&quot;,&quot;jet_parallax_layout_bg_y&quot;:50,&quot;jet_parallax_layout_bg_y_tablet&quot;:&quot;&quot;,&quot;jet_parallax_layout_bg_y_mobile&quot;:&quot;&quot;,&quot;jet_parallax_layout_bg_size&quot;:&quot;auto&quot;,&quot;jet_parallax_layout_bg_size_tablet&quot;:&quot;&quot;,&quot;jet_parallax_layout_bg_size_mobile&quot;:&quot;&quot;,&quot;jet_parallax_layout_animation_prop&quot;:&quot;transform&quot;,&quot;jet_parallax_layout_on&quot;:[&quot;desktop&quot;,&quot;tablet&quot;]}]}\">\r\n\t\t\r\n\t\t\t\t\t\t\t<div class=\"elementor-container elementor-column-gap-default\">\r\n\t\t\t\t\t\t\t\t\t\t\t<div class=\"elementor-column elementor-col-50 elementor-inner-column elementor-element elementor-element-47e0b8e4\" data-id=\"47e0b8e4\" data-element_type=\"column\" data-e-type=\"column\">\r\n\t\t\t\t\t<div class=\"elementor-widget-wrap elementor-element-populated\">\r\n\t\t\t\t\t\t\t\t<div class=\"elementor-element elementor-element-6a052835 elementor-widget elementor-widget-video\" data-id=\"6a052835\" data-element_type=\"widget\" data-e-type=\"widget\" data-settings=\"{&quot;youtube_url&quot;:&quot;https:\\\/\\\/www.youtube.com\\\/watch?v=eUC6oS79Llw&quot;,&quot;video_type&quot;:&quot;youtube&quot;,&quot;controls&quot;:&quot;yes&quot;}\" data-widget_type=\"video.default\">\n\t\t\t\t<div class=\"elementor-widget-container\">\n\t\t\t\t\t\t\t<div class=\"elementor-wrapper elementor-open-inline\">\n\t\t\t<div class=\"elementor-video\"><\/div>\t\t<\/div>\n\t\t\t\t\t\t<\/div>\n\t\t\t\t<\/div>\n\t\t\t\t\t<\/div>\r\n\t\t\t\t<\/div>\r\n\t\t\t\t<div class=\"elementor-column elementor-col-50 elementor-inner-column elementor-element elementor-element-5f46dc94\" data-id=\"5f46dc94\" data-element_type=\"column\" data-e-type=\"column\">\r\n\t\t\t\t\t<div class=\"elementor-widget-wrap elementor-element-populated\">\r\n\t\t\t\t\t\t\t\t<div class=\"elementor-element elementor-element-133cc517 elementor-widget elementor-widget-heading\" data-id=\"133cc517\" data-element_type=\"widget\" data-e-type=\"widget\" data-widget_type=\"heading.default\">\n\t\t\t\t<div class=\"elementor-widget-container\">\n\t\t\t\t\t<h3 class=\"elementor-heading-title elementor-size-default\"> Salud Primavera<\/h3>\t\t\t\t<\/div>\n\t\t\t\t<\/div>\n\t\t\t\t<div class=\"elementor-element elementor-element-39659efe elementor-widget elementor-widget-text-editor\" data-id=\"39659efe\" data-element_type=\"widget\" data-e-type=\"widget\" data-widget_type=\"text-editor.default\">\n\t\t\t\t<div class=\"elementor-widget-container\">\n\t\t\t\t\t\t\t\t\t<p>Todo ello, sumado al amplio equipo de expertos de Salud Primavera somos capaz de asesorar de forma precisa sobre el tipo de diagn\u00f3stico recomendado para cada caso, as\u00ed como para ayudar en la interpretaci\u00f3n de resultados. Esto permite crear una base s\u00f3lida para desarrollar terapias eficientes y efectivas. Estamos a la altura de nuestras responsabilidades y eso nos enorgullece. Queremos que te recuperes, te queremos sano.<\/p>\t\t\t\t\t\t\t\t<\/div>\n\t\t\t\t<\/div>\n\t\t\t\t\t<\/div>\r\n\t\t\t\t<\/div>\r\n\t\t\t\t\t<\/div>\r\n\t\t\t\t<\/div>\r\n\t\t\t\t<section class=\"elementor-section elementor-top-section elementor-element elementor-element-58f96e4c elementor-section-boxed elementor-section-height-default elementor-section-height-default\" data-id=\"58f96e4c\" data-element_type=\"section\" data-e-type=\"section\" data-settings=\"{&quot;jet_parallax_layout_list&quot;:[{&quot;_id&quot;:&quot;fc468ce&quot;,&quot;jet_parallax_layout_image&quot;:{&quot;url&quot;:&quot;&quot;,&quot;id&quot;:&quot;&quot;,&quot;size&quot;:&quot;&quot;},&quot;jet_parallax_layout_image_tablet&quot;:{&quot;url&quot;:&quot;&quot;,&quot;id&quot;:&quot;&quot;,&quot;size&quot;:&quot;&quot;},&quot;jet_parallax_layout_image_mobile&quot;:{&quot;url&quot;:&quot;&quot;,&quot;id&quot;:&quot;&quot;,&quot;size&quot;:&quot;&quot;},&quot;jet_parallax_layout_speed&quot;:{&quot;unit&quot;:&quot;%&quot;,&quot;size&quot;:50,&quot;sizes&quot;:[]},&quot;jet_parallax_layout_type&quot;:&quot;scroll&quot;,&quot;jet_parallax_layout_direction&quot;:&quot;1&quot;,&quot;jet_parallax_layout_fx_direction&quot;:null,&quot;jet_parallax_layout_z_index&quot;:&quot;&quot;,&quot;jet_parallax_layout_bg_x&quot;:50,&quot;jet_parallax_layout_bg_x_tablet&quot;:&quot;&quot;,&quot;jet_parallax_layout_bg_x_mobile&quot;:&quot;&quot;,&quot;jet_parallax_layout_bg_y&quot;:50,&quot;jet_parallax_layout_bg_y_tablet&quot;:&quot;&quot;,&quot;jet_parallax_layout_bg_y_mobile&quot;:&quot;&quot;,&quot;jet_parallax_layout_bg_size&quot;:&quot;auto&quot;,&quot;jet_parallax_layout_bg_size_tablet&quot;:&quot;&quot;,&quot;jet_parallax_layout_bg_size_mobile&quot;:&quot;&quot;,&quot;jet_parallax_layout_animation_prop&quot;:&quot;transform&quot;,&quot;jet_parallax_layout_on&quot;:[&quot;desktop&quot;,&quot;tablet&quot;]}]}\">\r\n\t\t\r\n\t\t\t\t\t\t\t<div class=\"elementor-container elementor-column-gap-default\">\r\n\t\t\t\t\t\t\t\t\t\t\t<div class=\"elementor-column elementor-col-100 elementor-top-column elementor-element elementor-element-5dd29731\" data-id=\"5dd29731\" data-element_type=\"column\" data-e-type=\"column\">\r\n\t\t\t\t\t<div class=\"elementor-widget-wrap elementor-element-populated\">\r\n\t\t\t\t\t\t\t\t<div class=\"elementor-element elementor-element-e066537 elementor-widget elementor-widget-heading\" data-id=\"e066537\" data-element_type=\"widget\" data-e-type=\"widget\" data-widget_type=\"heading.default\">\n\t\t\t\t<div class=\"elementor-widget-container\">\n\t\t\t\t\t<h3 class=\"elementor-heading-title elementor-size-default\">VER RESULTADOS DE LABORATORIO<\/h3>\t\t\t\t<\/div>\n\t\t\t\t<\/div>\n\t\t\t\t\t<\/div>\r\n\t\t\t\t<\/div>\r\n\t\t\t\t\t<\/div>\r\n\t\t\t\t<\/section>\r\n\t\t\t\t<section class=\"elementor-section elementor-top-section elementor-element elementor-element-41097def elementor-section-boxed elementor-section-height-default elementor-section-height-default\" data-id=\"41097def\" data-element_type=\"section\" data-e-type=\"section\" data-settings=\"{&quot;jet_parallax_layout_list&quot;:[{&quot;_id&quot;:&quot;e036dd0&quot;,&quot;jet_parallax_layout_image&quot;:{&quot;url&quot;:&quot;&quot;,&quot;id&quot;:&quot;&quot;,&quot;size&quot;:&quot;&quot;},&quot;jet_parallax_layout_image_tablet&quot;:{&quot;url&quot;:&quot;&quot;,&quot;id&quot;:&quot;&quot;,&quot;size&quot;:&quot;&quot;},&quot;jet_parallax_layout_image_mobile&quot;:{&quot;url&quot;:&quot;&quot;,&quot;id&quot;:&quot;&quot;,&quot;size&quot;:&quot;&quot;},&quot;jet_parallax_layout_speed&quot;:{&quot;unit&quot;:&quot;%&quot;,&quot;size&quot;:50,&quot;sizes&quot;:[]},&quot;jet_parallax_layout_type&quot;:&quot;scroll&quot;,&quot;jet_parallax_layout_direction&quot;:&quot;1&quot;,&quot;jet_parallax_layout_fx_direction&quot;:null,&quot;jet_parallax_layout_z_index&quot;:&quot;&quot;,&quot;jet_parallax_layout_bg_x&quot;:50,&quot;jet_parallax_layout_bg_x_tablet&quot;:&quot;&quot;,&quot;jet_parallax_layout_bg_x_mobile&quot;:&quot;&quot;,&quot;jet_parallax_layout_bg_y&quot;:50,&quot;jet_parallax_layout_bg_y_tablet&quot;:&quot;&quot;,&quot;jet_parallax_layout_bg_y_mobile&quot;:&quot;&quot;,&quot;jet_parallax_layout_bg_size&quot;:&quot;auto&quot;,&quot;jet_parallax_layout_bg_size_tablet&quot;:&quot;&quot;,&quot;jet_parallax_layout_bg_size_mobile&quot;:&quot;&quot;,&quot;jet_parallax_layout_animation_prop&quot;:&quot;transform&quot;,&quot;jet_parallax_layout_on&quot;:[&quot;desktop&quot;,&quot;tablet&quot;]}]}\">\r\n\t\t\r\n\t\t\t\t\t\t\t<div class=\"elementor-container elementor-column-gap-default\">\r\n\t\t\t\t\t\t\t\t\t\t\t<div class=\"elementor-column elementor-col-50 elementor-top-column elementor-element elementor-element-43d4c38e\" data-id=\"43d4c38e\" data-element_type=\"column\" data-e-type=\"column\">\r\n\t\t\t\t\t<div class=\"elementor-widget-wrap elementor-element-populated\">\r\n\t\t\t\t\t\t\t\t<div class=\"elementor-element elementor-element-3636653c elementor-widget elementor-widget-spacer\" data-id=\"3636653c\" data-element_type=\"widget\" data-e-type=\"widget\" data-widget_type=\"spacer.default\">\n\t\t\t\t<div class=\"elementor-widget-container\">\n\t\t\t\t\t\t\t<div class=\"elementor-spacer\">\n\t\t\t<div class=\"elementor-spacer-inner\"><\/div>\n\t\t<\/div>\n\t\t\t\t\t\t<\/div>\n\t\t\t\t<\/div>\n\t\t\t\t<div class=\"elementor-element elementor-element-375afedc p-3 box-shadow-1 elementor-invisible elementor-widget elementor-widget-image\" data-id=\"375afedc\" data-element_type=\"widget\" data-e-type=\"widget\" data-settings=\"{&quot;_animation&quot;:&quot;fadeInUp&quot;,&quot;_animation_delay&quot;:500}\" data-widget_type=\"image.default\">\n\t\t\t\t<div class=\"elementor-widget-container\">\n\t\t\t\t\t\t\t\t\t\t\t\t\t\t\t<img loading=\"lazy\" decoding=\"async\" width=\"625\" height=\"347\" src=\"https:\/\/saludprimavera.com.pe\/chimbote\/wp-content\/uploads\/2026\/04\/material-de-laboratorio.jpg\" class=\"attachment-full size-full wp-image-8484\" alt=\"\" srcset=\"https:\/\/saludprimavera.com.pe\/chimbote\/wp-content\/uploads\/2026\/04\/material-de-laboratorio.jpg 625w, https:\/\/saludprimavera.com.pe\/chimbote\/wp-content\/uploads\/2026\/04\/material-de-laboratorio-400x222.jpg 400w, https:\/\/saludprimavera.com.pe\/chimbote\/wp-content\/uploads\/2026\/04\/material-de-laboratorio-600x333.jpg 600w\" sizes=\"(max-width: 625px) 100vw, 625px\" \/>\t\t\t\t\t\t\t\t\t\t\t\t\t\t\t<\/div>\n\t\t\t\t<\/div>\n\t\t\t\t\t<\/div>\r\n\t\t\t\t<\/div>\r\n\t\t\t\t<div class=\"elementor-column elementor-col-50 elementor-top-column elementor-element elementor-element-1c75f947\" data-id=\"1c75f947\" data-element_type=\"column\" data-e-type=\"column\">\r\n\t\t\t\t\t<div class=\"elementor-widget-wrap elementor-element-populated\">\r\n\t\t\t\t\t\t\t\t<div class=\"elementor-element elementor-element-4d78b7c5 elementor-widget elementor-widget-text-editor\" data-id=\"4d78b7c5\" data-element_type=\"widget\" data-e-type=\"widget\" data-widget_type=\"text-editor.default\">\n\t\t\t\t<div class=\"elementor-widget-container\">\n\t\t\t\t\t\t\t\t\t<p>Conoce tus resultados en l\u00ednea, dando clic al bot\u00f3n, te redireccionaremos a nuestro sistema de resultados en l\u00ednea.<\/p>\t\t\t\t\t\t\t\t<\/div>\n\t\t\t\t<\/div>\n\t\t\t\t<div class=\"elementor-element elementor-element-40100100 elementor-widget elementor-widget-text-editor\" data-id=\"40100100\" data-element_type=\"widget\" data-e-type=\"widget\" data-widget_type=\"text-editor.default\">\n\t\t\t\t<div class=\"elementor-widget-container\">\n\t\t\t\t\t\t\t\t\t<p style=\"text-align: left;\"><span style=\"font-size: 18px;\">Recuerda :<\/span><\/p><ul><li style=\"text-align: left;\">Tener a la mano tu usuario, normalmente es tu DNI.<\/li><li style=\"text-align: left;\">Tener tu contrase\u00f1a, proporcionada en tu boleta facilitada por el Laboratorio.<\/li><\/ul>\t\t\t\t\t\t\t\t<\/div>\n\t\t\t\t<\/div>\n\t\t\t\t<div class=\"elementor-element elementor-element-17697819 elementor-widget elementor-widget-text-editor\" data-id=\"17697819\" data-element_type=\"widget\" data-e-type=\"widget\" data-widget_type=\"text-editor.default\">\n\t\t\t\t<div class=\"elementor-widget-container\">\n\t\t\t\t\t\t\t\t\t<p>Si no cuentas con esos datos cont\u00e1ctate con nosotros al\u00a0<b>203-5900<\/b> opci\u00f3n 2.\u00a0Estos datos son solicitados, para cuidar tu seguridad e informaci\u00f3n de los resultados de laboratorio. No compartas tus datos de acceso o inicies sesi\u00f3n en una PC insegura.<\/p>\t\t\t\t\t\t\t\t<\/div>\n\t\t\t\t<\/div>\n\t\t\t\t<div class=\"elementor-element elementor-element-3a5f9cc0 elementor-align-center elementor-widget elementor-widget-button\" data-id=\"3a5f9cc0\" data-element_type=\"widget\" data-e-type=\"widget\" data-widget_type=\"button.default\">\n\t\t\t\t<div class=\"elementor-widget-container\">\n\t\t\t\t\t\t\t\t\t<div class=\"elementor-button-wrapper\">\n\t\t\t\t\t<a class=\"elementor-button elementor-button-link elementor-size-sm\" href=\"https:\/\/resultados.synlab.pe\/\" target=\"_blank\">\n\t\t\t\t\t\t<span class=\"elementor-button-content-wrapper\">\n\t\t\t\t\t\t<span class=\"elementor-button-icon\">\n\t\t\t\t<i aria-hidden=\"true\" class=\"fas fa-flask\"><\/i>\t\t\t<\/span>\n\t\t\t\t\t\t\t\t\t<span class=\"elementor-button-text\">VER RESULTADOS DE LABORATORIO<\/span>\n\t\t\t\t\t<\/span>\n\t\t\t\t\t<\/a>\n\t\t\t\t<\/div>\n\t\t\t\t\t\t\t\t<\/div>\n\t\t\t\t<\/div>\n\t\t\t\t\t<\/div>\r\n\t\t\t\t<\/div>\r\n\t\t\t\t\t<\/div>\r\n\t\t\t\t<\/section>\r\n\t\t\t\t<\/div>\n\t\t","protected":false},"excerpt":{"rendered":"<p>Laboratorio Synlab Alianza Con Salud Primavera El diagn\u00f3stico de laboratorio juega un papel clave en la medicina actual y en la validaci\u00f3n de los tratamientos, as\u00ed como en el camino hacia una medicina personalizada. Gracias a nuestra alianza estrat\u00e9gica con Synlab, proveedor l\u00edder de servicios de diagn\u00f3stico de laboratorio en Europa, Desde nuestro laboratorio procesamos [&hellip;]<\/p>\n","protected":false},"author":1,"featured_media":0,"parent":0,"menu_order":0,"comment_status":"closed","ping_status":"closed","template":"","meta":{"rs_blank_template":"","rs_page_bg_color":"#ffffff","slide_template_v7":"","footnotes":""},"class_list":["post-5398","page","type-page","status-publish","hentry"],"_links":{"self":[{"href":"https:\/\/saludprimavera.com.pe\/chimbote\/wp-json\/wp\/v2\/pages\/5398","targetHints":{"allow":["GET"]}}],"collection":[{"href":"https:\/\/saludprimavera.com.pe\/chimbote\/wp-json\/wp\/v2\/pages"}],"about":[{"href":"https:\/\/saludprimavera.com.pe\/chimbote\/wp-json\/wp\/v2\/types\/page"}],"author":[{"embeddable":true,"href":"https:\/\/saludprimavera.com.pe\/chimbote\/wp-json\/wp\/v2\/users\/1"}],"replies":[{"embeddable":true,"href":"https:\/\/saludprimavera.com.pe\/chimbote\/wp-json\/wp\/v2\/comments?post=5398"}],"version-history":[{"count":41,"href":"https:\/\/saludprimavera.com.pe\/chimbote\/wp-json\/wp\/v2\/pages\/5398\/revisions"}],"predecessor-version":[{"id":8503,"href":"https:\/\/saludprimavera.com.pe\/chimbote\/wp-json\/wp\/v2\/pages\/5398\/revisions\/8503"}],"wp:attachment":[{"href":"https:\/\/saludprimavera.com.pe\/chimbote\/wp-json\/wp\/v2\/media?parent=5398"}],"curies":[{"name":"wp","href":"https:\/\/api.w.org\/{rel}","templated":true}]}}